{"id":83,"date":"2020-04-15T07:29:29","date_gmt":"2020-04-15T05:29:29","guid":{"rendered":"http:\/\/bonobx.noblogs.org\/?page_id=83"},"modified":"2023-01-31T15:58:50","modified_gmt":"2023-01-31T14:58:50","slug":"acerca-de","status":"publish","type":"page","link":"https:\/\/bonobx.noblogs.org\/?page_id=83","title":{"rendered":"\u00bf?"},"content":{"rendered":"<p><img loading=\"lazy\" decoding=\"async\" class=\"alignnone size-medium wp-image-217\" src=\"https:\/\/bonobx.noblogs.org\/files\/2020\/05\/bonoba5-300x300.jpg\" alt=\"\" width=\"300\" height=\"300\" srcset=\"https:\/\/bonobx.noblogs.org\/files\/2020\/05\/bonoba5-300x300.jpg 300w, https:\/\/bonobx.noblogs.org\/files\/2020\/05\/bonoba5-150x150.jpg 150w, https:\/\/bonobx.noblogs.org\/files\/2020\/05\/bonoba5.jpg 400w\" sizes=\"auto, (max-width: 300px) 100vw, 300px\" \/><\/p>\n<p>&nbsp;<\/p>\n<p style=\"text-align: center\"><strong>Bonobx<\/strong> es principalmente un blog de traducciones. Lo realiza una sola persona quien es estudiante de filosof\u00eda y entusiasta de las posibilidades de producci\u00f3n de conocimiento fuera de la academia. La l\u00ednea a seguir de temas, autores y dem\u00e1s contenido publicado se basa en intereses personales con fines autodidactas y de divulgaci\u00f3n.<\/p>\n<p>&nbsp;<\/p>\n<p style=\"text-align: center\">*<\/p>\n<p>&nbsp;<\/p>\n<p style=\"text-align: center\"><strong>Bonobx<\/strong> is primarily a translation blog. It is carried out by a single person, a philosophy student and enthusiast about the possibilities of knowledge production outside the academy. The line to follow on topics, authors and other published content is based on personal interests for self-taught and disclosure purposes<\/p>\n<p>&nbsp;<\/p>\n<p style=\"text-align: center\">E<\/p>\n<hr \/>\n<p style=\"text-align: center\">\n","protected":false},"excerpt":{"rendered":"<p>&nbsp; Bonobx es principalmente un blog de traducciones. Lo realiza una sola persona quien es estudiante de filosof\u00eda y entusiasta de las posibilidades de producci\u00f3n de conocimiento fuera de la academia. La l\u00ednea a seguir de temas, autores y dem\u00e1s contenido publicado se basa en intereses personales con fines autodidactas y de divulgaci\u00f3n. &nbsp; * [&hellip;]<\/p>\n","protected":false},"author":10753,"featured_media":0,"parent":0,"menu_order":0,"comment_status":"closed","ping_status":"closed","template":"","meta":{"footnotes":""},"class_list":["post-83","page","type-page","status-publish","hentry"],"_links":{"self":[{"href":"https:\/\/bonobx.noblogs.org\/index.php?rest_route=\/wp\/v2\/pages\/83","targetHints":{"allow":["GET"]}}],"collection":[{"href":"https:\/\/bonobx.noblogs.org\/index.php?rest_route=\/wp\/v2\/pages"}],"about":[{"href":"https:\/\/bonobx.noblogs.org\/index.php?rest_route=\/wp\/v2\/types\/page"}],"author":[{"embeddable":true,"href":"https:\/\/bonobx.noblogs.org\/index.php?rest_route=\/wp\/v2\/users\/10753"}],"replies":[{"embeddable":true,"href":"https:\/\/bonobx.noblogs.org\/index.php?rest_route=%2Fwp%2Fv2%2Fcomments&post=83"}],"version-history":[{"count":22,"href":"https:\/\/bonobx.noblogs.org\/index.php?rest_route=\/wp\/v2\/pages\/83\/revisions"}],"predecessor-version":[{"id":316,"href":"https:\/\/bonobx.noblogs.org\/index.php?rest_route=\/wp\/v2\/pages\/83\/revisions\/316"}],"wp:attachment":[{"href":"https:\/\/bonobx.noblogs.org\/index.php?rest_route=%2Fwp%2Fv2%2Fmedia&parent=83"}],"curies":[{"name":"wp","href":"https:\/\/api.w.org\/{rel}","templated":true}]}}